{"id":33,"date":"2018-01-22T17:44:46","date_gmt":"2018-01-22T16:44:46","guid":{"rendered":"http:\/\/www.petrakuebert.de\/content\/?page_id=33"},"modified":"2026-03-06T14:21:17","modified_gmt":"2026-03-06T13:21:17","slug":"cv","status":"publish","type":"page","link":"https:\/\/petrakuebert.de\/content\/cv\/","title":{"rendered":"Info"},"content":{"rendered":"<p><span style=\"color: #000000;\"><strong>\u00a0<\/strong><\/span><\/p>\n<p><span style=\"color: #000000;\"><strong>\/\/\/\/\/\/\/\/\/\/\/\/\/\/\/\/\/\/\/\/\/\/\/\/\/\/ education \/Ausbildung<br \/>\n<\/strong><\/span><\/p>\n<p><span style=\"color: #000000;\">2006 \u2013 2009 University of Fine Arts Berlin &#8211; Institut for Art in Context<\/span><br \/>\n<span style=\"color: #000000;\">Field: Fine Art, Artistic work in Public Space, Artistic Work within Cultural Institutions, M.A.<\/span><\/p>\n<p><span style=\"color: #000000;\">1998 &#8211; 2005 University of Art and Design Offenbach Main<\/span><br \/>\n<span style=\"color: #000000;\">Field: Fine Art, Experimental Space Concepts, Diploma<\/span><\/p>\n<p><span style=\"color: #000000;\">1996 Art Cultural Studies, Universit\u00e9 Paris 8, Vincennes-Saint-Denis, Paris<\/span><\/p>\n<p><span style=\"color: #000000;\"><strong>\/\/\/\/\/\/\/\/\/\/\/\/\/\/\/\/\/\/\/\/\/\/\/\/\/ exhibitions (selection, 2009-2017 with Eva Kietzmann) \/ <\/strong><\/span><span style=\"color: #000000;\"><strong>Ausstellungen (Auswahl)<\/strong><\/span><\/p>\n<p>2026\u00a0 ATB4ever &#8211; Practices of Solidarity, after the butcher, Ausstellungsraum f\u00fcr zeitgen\u00f6ssische Kunst und soziale Fragen, Berlin<\/p>\n<p>2025 LIVErary, Urbane Praxis, lebendiges und bewegliches Archiv von Initiativen kollektiver Stadtgestaltung, Galerie im Saalbau, Berlin. Publikation: Die Sch\u00f6ne Kunst des Wohnens \/ Eva Kietzmann \/ Petra K\u00fcbert<\/p>\n<p>2025 Inside, Outside &amp; Beyond, after the butcher, Ausstellungsraum f\u00fcr zeitgen\u00f6ssische Kunst und soziale Fragen, Berlin<\/p>\n<p>2024 Feminist City Utopia, Galerie Neurotitan, Haus Schwarzenberg, Berlin<\/p>\n<p>2024\u00a0 highway to hell , Die gute Seite, Berlin<\/p>\n<p>2024 Les villes invisibles, Caue du gard &#8211; Conseil d\u2019 architecture d\u2019 urbanisme et de l\u2019 environnement, Nimes, France<\/p>\n<p>2023 A100 \u2013 Operation Beton, Museum Neuk\u00f6lln<\/p>\n<p><span style=\"color: #000000;\">2022 public image u n l i m i t e d, Glue Show Berlin (mit Christina Zu\u0308ck)<\/span><\/p>\n<p><span style=\"color: #000000;\">2019 call#1, NKR neuer Kunstraum D\u00fcsseldorf<\/span><\/p>\n<p><span style=\"color: #000000;\">2019 the happy few, giennale, Prototyp Gie\u00dfen<\/span><\/p>\n<p><span style=\"color: #000000;\">2018 #1371, Kunst am Bau, Landesgartenschau W\u00fcrzburg<\/span><\/p>\n<p><span style=\"color: #000000;\">2018 Festival ALTERNATIVE FAKTEN, KulturPackt e.V Schweinfurt<br \/>\n<\/span><\/p>\n<p><span style=\"color: #000000;\">2017 From here to eternity. No.3, oMo artspace, Berlin<\/span><\/p>\n<p><span style=\"color: #000000;\">2016 The Sewoon Hangeul Clock. For the people in Sewoon Sangga, \u2028Space ba421, Seoul, S\u00fcdkorea<\/span><\/p>\n<p><span style=\"color: #000000;\">2016 Akademie der ZUsammenKUNFT, Haus der Statistik, Berlin<\/span><\/p>\n<p><span style=\"color: #000000;\">2016 Open Studio 12, MMCA Goyang, S\u00fcdkorea<\/span><\/p>\n<p><span style=\"color: #000000;\">2016 Flash: Images left behind, MMCA Goyang, S\u00fcdkorea, Berlin<\/span><\/p>\n<p><span style=\"color: #000000;\">2015 My dog is an artist and tonight is full moon terror, Berlin<\/span><\/p>\n<p><span style=\"color: #000000;\">2015 39qm Neuland, Bootshaus Auf Dem Spreefeld B39qm Neuland<\/span><\/p>\n<p><span style=\"color: #000000;\">2014 Open Studio, Tokyo Wonder Site, Tokyo<\/span><\/p>\n<p><span style=\"color: #000000;\">2014 Hausbesetzung, Nassauischer Kunstverein Wiesbaden<\/span><\/p>\n<p><span style=\"color: #000000;\">2014 Die sch\u00f6ne Kunst des Wohnens, Institut f\u00fcr alles M\u00f6gliche, Berlin (Solo)<\/span><\/p>\n<p><span style=\"color: #000000;\">2014 Living Resorts, uqbar, Berlin (Solo)<\/span><\/p>\n<p><span style=\"color: #000000;\">2014 Projectspace Festival, uqbar, Berlin<\/span><\/p>\n<p><span style=\"color: #000000;\">2014 L\u2019espace de l\u2019esp\u00e8ce: X, Kunstfabrik HB55, Berlin<\/span><\/p>\n<p><span style=\"color: #000000;\">2013 K\u00f6rnelia \u2013 Goldrausch 2013, Galerie im K\u00f6rnerpark, Berlin<\/span><\/p>\n<p><span style=\"color: #000000;\">2012 Klang Orte Berlin \u2013 Perspektiven akustischer Stadtentwicklung,<\/span><br \/>\n<span style=\"color: #000000;\">Stadtraum Rummelsburger Bucht, Berlin, in Zusammenarbeit mit Peter Cusack &amp; Valerie Merlini<\/span><\/p>\n<p><span style=\"color: #000000;\">2011\/12 Entwicklungsgebiet Rummelsburger Bucht \u2013 Vermutungen \u00fcber\u2028 Oberfl\u00e4chen, after the butcher \u2013Ausstellungsraum f\u00fcr zeitgen\u00f6ssische Kunst und soziale Fragen, Berlin (Solo)<\/span><\/p>\n<p><span style=\"color: #000000;\">2010 Hochformat \u2013 Festival mit audiovisuellen Beitr\u00e4gen zur\u2028 Medienkultur, Kaskadenkondensator, Basel<\/span><\/p>\n<p><span style=\"color: #000000;\">2009 Islands+Ghettos \u2013 \u00dcber territoriale Segregation in den St\u00e4dten des 21. Jahrhunderts, Kunstraum Kreuzberg\/Bethanien, Berlin<\/span><\/p>\n<p><span style=\"color: #000000;\">2008 Hohlr\u00e4ume der Geschichte, Kunstuniversit\u00e4t Linz in Kooperation mit Universit\u00e4t der K\u00fcnste Berlin, Stadtraum Linz<\/span><\/p>\n<p><span style=\"color: #000000;\">2008 United Subscum, West Germany \u2013 B\u00fcro f\u00fcr postmoderne\u2028 Kommunikation, Berlin<\/span><\/p>\n<p><span style=\"color: #000000;\">2008 end of now, Kulturhuset Hausmania, Oslo<\/span><\/p>\n<p><span style=\"color: #000000;\">2007 Ein Jahr, Radialsystem V, Space for Arts and Ideas, Berlin<\/span><\/p>\n<p><span style=\"color: #000000;\">2006 I will survive \u2013 Arche 2006: Kunst und Theorie und Praxis zur Rettung der Welt, Schauspiel Frankfurt<\/span><\/p>\n<p><span style=\"color: #000000;\">2004 Occasionally Free\/Bonus Bar, Schirn Kunsthalle Frankfurt,\u2028 mit Myriam Ries und Superflex <\/span><\/p>\n<p><span style=\"color: #000000;\">2004 new TAT, Schmalclub, Ballett Frankfurt<\/span><\/p>\n<p><span style=\"color: #000000;\"><strong>\/\/\/\/\/\/\/\/\/\/\/\/\/\/\/\/\/\/\/\/\/\/\/\/\/ grants (selection)\u2028\u2028 etc. \/ Stipendien (Auswahl) etc. <\/strong><strong><br \/>\n<\/strong><\/span><\/p>\n<p><span style=\"color: #000000;\">seit 2018 Jurymitglied Frixfonds, <span id=\"fliesstext\">Fonds f\u00fcr gentrifizierungskritische, k\u00fcnstlerische Interventionen im \u00f6ffentlichen Raum Friedrichshain-Kreuzberg, <\/span>Anf\u00f6r e.V, Aktivit\u00e4tenNetzwerk f\u00fcr den \u00f6ffentlichen Raum, Berlin<\/span><\/p>\n<p><span style=\"color: #000000;\">2016 Arbeits- und Recherchestipendium, Bildende Kunst, Berliner Senat\u2028\u2028<\/span><\/p>\n<p><span style=\"color: #000000;\">2013 Projektstipendium Kulturelle Bildung, Bezirkskulturamt Berlin-Mitte\u2028\u2028<\/span><\/p>\n<p><span style=\"color: #000000;\">2012 Projektstipendium Kulturelle Bildung, Kulturverwaltung des Berliner Senats<\/span><\/p>\n<p><span style=\"color: #000000;\">2011 Projektstipendium Bildende Kunst, Kulturverwaltung des Berliner Senats (mit Eva Kietzmann)<br \/>\n<\/span><\/p>\n<p><span style=\"color: #000000;\">2009 Nominierung f\u00fcr den Gestalterinnenpreis Lili#7, Universit\u00e4t der K\u00fcnste Berlin\u2028\u2028<\/span><\/p>\n<p><span style=\"color: #000000;\">2003 Preistr\u00e4gerin, Neugestaltung des Schlossplatzes Offenbach, F\u00f6rderverein der Hochschule f\u00fcr Gestaltung f\u00fcr Gestaltung Offenbach\/Mai<\/span><\/p>\n<p><span style=\"color: #000000;\">\u00a0<\/span><\/p>\n<p><span style=\"color: #000000;\"><strong>\/\/\/\/\/\/\/\/\/\/\/\/\/\/\/\/\/\/\/\/\/\/\/\/\/ Petra K\u00fcbert \/ Eva Kietzmann<\/strong><\/span><\/p>\n<p><a href=\"http:\/\/www.notesondistricts.net\/\" target=\"_blank\" rel=\"noopener\">http:\/\/www.notesondistricts.net\/<\/a><\/p>\n<p><strong><span style=\"color: #000000;\">&#8230;. \/\/\/\/\/ art is no competition<\/span><\/strong><\/p>\n","protected":false},"excerpt":{"rendered":"<p>\u00a0 \/\/\/\/\/\/\/\/\/\/\/\/\/\/\/\/\/\/\/\/\/\/\/\/\/\/ education \/Ausbildung 2006 \u2013 2009 University of Fine Arts Berlin &#8211; Institut for Art in Context Field: Fine Art, Artistic work in Public Space, Artistic Work within Cultural Institutions, M.A. 1998 &#8211; 2005 University of Art and Design Offenbach Main Field: Fine Art, Experimental Space Concepts, Diploma 1996 Art Cultural Studies, Universit\u00e9 Paris [&hellip;]<\/p>\n","protected":false},"author":1,"featured_media":0,"parent":0,"menu_order":0,"comment_status":"closed","ping_status":"closed","template":"","meta":{"footnotes":""},"class_list":["post-33","page","type-page","status-publish","hentry","blog-blocks-layout","blog-style-imgblock","","blog-alt-odd"],"yoast_head":"<!-- This site is optimized with the Yoast SEO plugin v25.3 - https:\/\/yoast.com\/wordpress\/plugins\/seo\/ -->\n<title>Info - Petra K\u00fcbert<\/title>\n<meta name=\"robots\" content=\"index, follow, max-snippet:-1, max-image-preview:large, max-video-preview:-1\" \/>\n<link rel=\"canonical\" href=\"https:\/\/petrakuebert.de\/content\/cv\/\" \/>\n<meta property=\"og:locale\" content=\"de_DE\" \/>\n<meta property=\"og:type\" content=\"article\" \/>\n<meta property=\"og:title\" content=\"Info - Petra K\u00fcbert\" \/>\n<meta property=\"og:description\" content=\"\u00a0 \/\/\/\/\/\/\/\/\/\/\/\/\/\/\/\/\/\/\/\/\/\/\/\/\/\/ education \/Ausbildung 2006 \u2013 2009 University of Fine Arts Berlin &#8211; Institut for Art in Context Field: Fine Art, Artistic work in Public Space, Artistic Work within Cultural Institutions, M.A. 1998 &#8211; 2005 University of Art and Design Offenbach Main Field: Fine Art, Experimental Space Concepts, Diploma 1996 Art Cultural Studies, Universit\u00e9 Paris [&hellip;]\" \/>\n<meta property=\"og:url\" content=\"https:\/\/petrakuebert.de\/content\/cv\/\" \/>\n<meta property=\"og:site_name\" content=\"Petra K\u00fcbert\" \/>\n<meta property=\"article:modified_time\" content=\"2026-03-06T13:21:17+00:00\" \/>\n<meta name=\"twitter:card\" content=\"summary_large_image\" \/>\n<meta name=\"twitter:label1\" content=\"Gesch\u00e4tzte Lesezeit\" \/>\n\t<meta name=\"twitter:data1\" content=\"4\u00a0Minuten\" \/>\n<script type=\"application\/ld+json\" class=\"yoast-schema-graph\">{\"@context\":\"https:\/\/schema.org\",\"@graph\":[{\"@type\":\"WebPage\",\"@id\":\"https:\/\/petrakuebert.de\/content\/cv\/\",\"url\":\"https:\/\/petrakuebert.de\/content\/cv\/\",\"name\":\"Info - Petra K\u00fcbert\",\"isPartOf\":{\"@id\":\"https:\/\/petrakuebert.de\/content\/#website\"},\"datePublished\":\"2018-01-22T16:44:46+00:00\",\"dateModified\":\"2026-03-06T13:21:17+00:00\",\"breadcrumb\":{\"@id\":\"https:\/\/petrakuebert.de\/content\/cv\/#breadcrumb\"},\"inLanguage\":\"de\",\"potentialAction\":[{\"@type\":\"ReadAction\",\"target\":[\"https:\/\/petrakuebert.de\/content\/cv\/\"]}]},{\"@type\":\"BreadcrumbList\",\"@id\":\"https:\/\/petrakuebert.de\/content\/cv\/#breadcrumb\",\"itemListElement\":[{\"@type\":\"ListItem\",\"position\":1,\"name\":\"Startseite\",\"item\":\"https:\/\/petrakuebert.de\/content\/\"},{\"@type\":\"ListItem\",\"position\":2,\"name\":\"Info\"}]},{\"@type\":\"WebSite\",\"@id\":\"https:\/\/petrakuebert.de\/content\/#website\",\"url\":\"https:\/\/petrakuebert.de\/content\/\",\"name\":\"Petra K\u00fcbert\",\"description\":\"\",\"publisher\":{\"@id\":\"https:\/\/petrakuebert.de\/content\/#\/schema\/person\/bc8f6421ef49d059992daa7e5f70632c\"},\"potentialAction\":[{\"@type\":\"SearchAction\",\"target\":{\"@type\":\"EntryPoint\",\"urlTemplate\":\"https:\/\/petrakuebert.de\/content\/?s={search_term_string}\"},\"query-input\":{\"@type\":\"PropertyValueSpecification\",\"valueRequired\":true,\"valueName\":\"search_term_string\"}}],\"inLanguage\":\"de\"},{\"@type\":[\"Person\",\"Organization\"],\"@id\":\"https:\/\/petrakuebert.de\/content\/#\/schema\/person\/bc8f6421ef49d059992daa7e5f70632c\",\"name\":\"Petra K\u00fcbert\",\"image\":{\"@type\":\"ImageObject\",\"inLanguage\":\"de\",\"@id\":\"https:\/\/petrakuebert.de\/content\/#\/schema\/person\/image\/\",\"url\":\"https:\/\/secure.gravatar.com\/avatar\/77582197f957e35ca85bc41f0ccf4cd009ab71c5943a4d2ae791f9ab61fdbd15?s=96&d=mm&r=g\",\"contentUrl\":\"https:\/\/secure.gravatar.com\/avatar\/77582197f957e35ca85bc41f0ccf4cd009ab71c5943a4d2ae791f9ab61fdbd15?s=96&d=mm&r=g\",\"caption\":\"Petra K\u00fcbert\"},\"logo\":{\"@id\":\"https:\/\/petrakuebert.de\/content\/#\/schema\/person\/image\/\"}}]}<\/script>\n<!-- \/ Yoast SEO plugin. -->","yoast_head_json":{"title":"Info - Petra K\u00fcbert","robots":{"index":"index","follow":"follow","max-snippet":"max-snippet:-1","max-image-preview":"max-image-preview:large","max-video-preview":"max-video-preview:-1"},"canonical":"https:\/\/petrakuebert.de\/content\/cv\/","og_locale":"de_DE","og_type":"article","og_title":"Info - Petra K\u00fcbert","og_description":"\u00a0 \/\/\/\/\/\/\/\/\/\/\/\/\/\/\/\/\/\/\/\/\/\/\/\/\/\/ education \/Ausbildung 2006 \u2013 2009 University of Fine Arts Berlin &#8211; Institut for Art in Context Field: Fine Art, Artistic work in Public Space, Artistic Work within Cultural Institutions, M.A. 1998 &#8211; 2005 University of Art and Design Offenbach Main Field: Fine Art, Experimental Space Concepts, Diploma 1996 Art Cultural Studies, Universit\u00e9 Paris [&hellip;]","og_url":"https:\/\/petrakuebert.de\/content\/cv\/","og_site_name":"Petra K\u00fcbert","article_modified_time":"2026-03-06T13:21:17+00:00","twitter_card":"summary_large_image","twitter_misc":{"Gesch\u00e4tzte Lesezeit":"4\u00a0Minuten"},"schema":{"@context":"https:\/\/schema.org","@graph":[{"@type":"WebPage","@id":"https:\/\/petrakuebert.de\/content\/cv\/","url":"https:\/\/petrakuebert.de\/content\/cv\/","name":"Info - Petra K\u00fcbert","isPartOf":{"@id":"https:\/\/petrakuebert.de\/content\/#website"},"datePublished":"2018-01-22T16:44:46+00:00","dateModified":"2026-03-06T13:21:17+00:00","breadcrumb":{"@id":"https:\/\/petrakuebert.de\/content\/cv\/#breadcrumb"},"inLanguage":"de","potentialAction":[{"@type":"ReadAction","target":["https:\/\/petrakuebert.de\/content\/cv\/"]}]},{"@type":"BreadcrumbList","@id":"https:\/\/petrakuebert.de\/content\/cv\/#breadcrumb","itemListElement":[{"@type":"ListItem","position":1,"name":"Startseite","item":"https:\/\/petrakuebert.de\/content\/"},{"@type":"ListItem","position":2,"name":"Info"}]},{"@type":"WebSite","@id":"https:\/\/petrakuebert.de\/content\/#website","url":"https:\/\/petrakuebert.de\/content\/","name":"Petra K\u00fcbert","description":"","publisher":{"@id":"https:\/\/petrakuebert.de\/content\/#\/schema\/person\/bc8f6421ef49d059992daa7e5f70632c"},"potentialAction":[{"@type":"SearchAction","target":{"@type":"EntryPoint","urlTemplate":"https:\/\/petrakuebert.de\/content\/?s={search_term_string}"},"query-input":{"@type":"PropertyValueSpecification","valueRequired":true,"valueName":"search_term_string"}}],"inLanguage":"de"},{"@type":["Person","Organization"],"@id":"https:\/\/petrakuebert.de\/content\/#\/schema\/person\/bc8f6421ef49d059992daa7e5f70632c","name":"Petra K\u00fcbert","image":{"@type":"ImageObject","inLanguage":"de","@id":"https:\/\/petrakuebert.de\/content\/#\/schema\/person\/image\/","url":"https:\/\/secure.gravatar.com\/avatar\/77582197f957e35ca85bc41f0ccf4cd009ab71c5943a4d2ae791f9ab61fdbd15?s=96&d=mm&r=g","contentUrl":"https:\/\/secure.gravatar.com\/avatar\/77582197f957e35ca85bc41f0ccf4cd009ab71c5943a4d2ae791f9ab61fdbd15?s=96&d=mm&r=g","caption":"Petra K\u00fcbert"},"logo":{"@id":"https:\/\/petrakuebert.de\/content\/#\/schema\/person\/image\/"}}]}},"_links":{"self":[{"href":"https:\/\/petrakuebert.de\/content\/wp-json\/wp\/v2\/pages\/33","targetHints":{"allow":["GET"]}}],"collection":[{"href":"https:\/\/petrakuebert.de\/content\/wp-json\/wp\/v2\/pages"}],"about":[{"href":"https:\/\/petrakuebert.de\/content\/wp-json\/wp\/v2\/types\/page"}],"author":[{"embeddable":true,"href":"https:\/\/petrakuebert.de\/content\/wp-json\/wp\/v2\/users\/1"}],"replies":[{"embeddable":true,"href":"https:\/\/petrakuebert.de\/content\/wp-json\/wp\/v2\/comments?post=33"}],"version-history":[{"count":146,"href":"https:\/\/petrakuebert.de\/content\/wp-json\/wp\/v2\/pages\/33\/revisions"}],"predecessor-version":[{"id":2570,"href":"https:\/\/petrakuebert.de\/content\/wp-json\/wp\/v2\/pages\/33\/revisions\/2570"}],"wp:attachment":[{"href":"https:\/\/petrakuebert.de\/content\/wp-json\/wp\/v2\/media?parent=33"}],"curies":[{"name":"wp","href":"https:\/\/api.w.org\/{rel}","templated":true}]}}